{"id":2015,"date":"2021-05-26T14:43:11","date_gmt":"2021-07-05T10:32:37","guid":{"rendered":"http:\/\/herzog.mmh.ag\/produkt\/crepes-pan-26-cm-diameter-with-raindrop-handle\/"},"modified":"2021-09-09T16:47:15","modified_gmt":"2021-09-09T14:47:15","slug":"crepes-pan-26-cm-diameter-raindrop-handle","status":"publish","type":"product","link":"https:\/\/www.herzog-pfannen.com\/en\/product\/crepes-pan-26-cm-diameter-raindrop-handle\/","title":{"rendered":"Cr\u00eapes pan 26 cm diameter with raindrop handle"},"content":{"rendered":"<p>The HERZOG Cr\u00e9pes pan with an extra-flat edge is ideal for e.g. cr\u00e9pes and wafer-thin pancakes. With a weight of approx. 1 kg, the non-stick pan guarantees easy turning. The 1 cm high edge allows for the food to slide effortlessly onto your plate. Our unique Cr\u00e9pes pan is available for all types of cooktops, including induction.<\/p>\n","protected":false},"excerpt":{"rendered":"<ul>\n<li>26 cm diameter<\/li>\n<li>Extremely shallow (1 cm)<\/li>\n<li>Raindrop-handle<\/li>\n<li>Easy turning of food<\/li>\n<li>Easy sliding of food items onto the plate<\/li>\n<li>Perfect for Cr\u00eapes and extremely thin pancakes<\/li>\n<\/ul>\n<p>Also available with these diameters:<\/p>\n<ul>\n<li>24 cm<\/li>\n<\/ul>\n","protected":false},"featured_media":2333,"comment_status":"open","ping_status":"closed","template":"","meta":[],"product_cat":[172],"product_tag":[],"_links":{"self":[{"href":"https:\/\/www.herzog-pfannen.com\/en\/wp-json\/wp\/v2\/product\/2015"}],"collection":[{"href":"https:\/\/www.herzog-pfannen.com\/en\/wp-json\/wp\/v2\/product"}],"about":[{"href":"https:\/\/www.herzog-pfannen.com\/en\/wp-json\/wp\/v2\/types\/product"}],"replies":[{"embeddable":true,"href":"https:\/\/www.herzog-pfannen.com\/en\/wp-json\/wp\/v2\/comments?post=2015"}],"wp:featuredmedia":[{"embeddable":true,"href":"https:\/\/www.herzog-pfannen.com\/en\/wp-json\/wp\/v2\/media\/2333"}],"wp:attachment":[{"href":"https:\/\/www.herzog-pfannen.com\/en\/wp-json\/wp\/v2\/media?parent=2015"}],"wp:term":[{"taxonomy":"product_cat","embeddable":true,"href":"https:\/\/www.herzog-pfannen.com\/en\/wp-json\/wp\/v2\/product_cat?post=2015"},{"taxonomy":"product_tag","embeddable":true,"href":"https:\/\/www.herzog-pfannen.com\/en\/wp-json\/wp\/v2\/product_tag?post=2015"}],"curies":[{"name":"wp","href":"https:\/\/api.w.org\/{rel}","templated":true}]}}